{"id":315,"date":"2023-12-14T10:19:36","date_gmt":"2023-12-14T10:19:36","guid":{"rendered":"https:\/\/doublel.com.vn\/?page_id=315"},"modified":"2024-01-07T21:09:37","modified_gmt":"2024-01-07T14:09:37","slug":"giay-phep-pccc-cho-du-an-nha-may-dien-nlmt","status":"publish","type":"page","link":"https:\/\/www.doublel.com.vn\/ko\/giay-phep-pccc-cho-du-an-nha-may-dien-nlmt\/","title":{"rendered":"\ud0dc\uc591\uad11\ubc1c\uc804\uc0ac\uc5c5 \uc18c\ubc29\uba74\ud5c8"},"content":{"rendered":"<p>Gi\u1ea5y ph\u00e9p ph\u00f2ng ch\u00e1y v\u00e0 ch\u1eefa ch\u00e1y (PCCC) l\u00e0 m\u1ed9t y\u1ebfu t\u1ed1 quan tr\u1ecdng trong quy ho\u1ea1ch v\u00e0 v\u1eadn h\u00e0nh an to\u00e0n c\u1ee7a b\u1ea5t k\u1ef3 c\u01a1 s\u1edf s\u1ea3n xu\u1ea5t n\u00e0o, v\u00e0 \u0111\u1ed1i v\u1edbi d\u1ef1 \u00e1n nh\u00e0 m\u00e1y \u0111i\u1ec7n n\u0103ng l\u01b0\u1ee3ng m\u1eb7t tr\u1eddi (NLMT) c\u1ee7a c\u00f4ng ty Double L, n\u00f3 \u0111\u00f3ng vai tr\u00f2 kh\u00f4ng th\u1ec3 thi\u1ebfu. D\u1ef1 \u00e1n nh\u00e0 m\u00e1y \u0111i\u1ec7n NLMT c\u1ee7a c\u00f4ng ty ch\u00fang t\u00f4i \u0111\u01b0\u1ee3c thi\u1ebft k\u1ebf v\u1edbi s\u1ef1 ch\u00fa tr\u1ecdng cao \u0111\u1ed9 v\u00e0o vi\u1ec7c tu\u00e2n th\u1ee7 c\u00e1c quy \u0111\u1ecbnh PCCC, nh\u1eb1m \u0111\u1ea3m b\u1ea3o an to\u00e0n t\u1ed1i \u0111a cho c\u01a1 s\u1edf, nh\u00e2n vi\u00ean, v\u00e0 m\u00f4i tr\u01b0\u1eddng xung quanh. Gi\u1ea5y ph\u00e9p n\u00e0y ch\u1ee9ng minh r\u1eb1ng nh\u00e0 m\u00e1y \u0111\u00e3 qua ki\u1ec3m \u0111\u1ecbnh nghi\u00eam ng\u1eb7t v\u00e0 tu\u00e2n th\u1ee7 t\u1ea5t c\u1ea3 c\u00e1c ti\u00eau chu\u1ea9n an to\u00e0n li\u00ean quan \u0111\u1ebfn PCCC, bao g\u1ed3m c\u1ea3 vi\u1ec7c ph\u00f2ng ng\u1eeba ch\u00e1y n\u1ed5 v\u00e0 s\u1eb5n s\u00e0ng \u1ee9ng ph\u00f3 hi\u1ec7u qu\u1ea3 v\u1edbi c\u00e1c t\u00ecnh hu\u1ed1ng kh\u1ea9n c\u1ea5p. \u0110i\u1ec1u n\u00e0y kh\u00f4ng ch\u1ec9 n\u00e2ng cao uy t\u00edn v\u00e0 tr\u00e1ch nhi\u1ec7m c\u1ee7a c\u00f4ng ty Double L \u0111\u1ed1i v\u1edbi an to\u00e0n c\u00f4ng c\u1ed9ng m\u00e0 c\u00f2n l\u00e0 b\u1eb1ng ch\u1ee9ng cam k\u1ebft c\u1ee7a ch\u00fang t\u00f4i v\u1edbi vi\u1ec7c cung c\u1ea5p n\u0103ng l\u01b0\u1ee3ng s\u1ea1ch m\u1ed9t c\u00e1ch b\u1ec1n v\u1eefng v\u00e0 an to\u00e0n.<\/p>\n<ol>\n<li><strong>T\u1ea7m quan tr\u1ecdng c\u1ee7a vi\u1ec7c PCCC cho \u0111i\u1ec7n m\u1eb7t tr\u1eddi \u00e1p m\u00e1i<\/strong><\/li>\n<\/ol>\n<p>H\u1ec7 th\u1ed1ng \u0111i\u1ec7n m\u1eb7t tr\u1eddi \u00e1p m\u00e1i, hay c\u00f2n \u0111\u01b0\u1ee3c g\u1ecdi l\u00e0 Solar Rooftop, \u1edf Vi\u1ec7t Nam \u0111\u01b0\u1ee3c quy \u0111\u1ecbnh c\u1ee5 th\u1ec3 theo \u0110i\u1ec1u 3, Quy\u1ebft \u0111\u1ecbnh 13\/2020\/Q\u0110-TTg. \u0110i\u1ec1u n\u00e0y \u0111\u1ed3ng ngh\u0129a v\u1edbi vi\u1ec7c m\u1ecdi thi\u1ebft k\u1ebf v\u00e0 thi c\u00f4ng \u0111\u1ec1u ph\u1ea3i \u0111\u00e1p \u1ee9ng c\u00e1c ti\u00eau chu\u1ea9n v\u1ec1 PCCC. M\u1eb7c d\u00f9 t\u1ea5m pin quang \u0111i\u1ec7n (PV module) hi\u1ebfm khi l\u00e0 ngu\u1ed3n g\u00e2y ch\u00e1y, nh\u01b0ng vi\u1ec7c \u0111\u1ea3m b\u1ea3o PCCC cho h\u1ec7 th\u1ed1ng n\u00e0y l\u1ea1i kh\u00f4ng k\u00e9m ph\u1ea7n quan tr\u1ecdng, nh\u1ea5t l\u00e0 khi xem x\u00e9t \u0111\u1ebfn c\u00e1c nguy\u00ean nh\u00e2n ch\u00e1y n\u1ed5 ti\u1ec1m \u1ea9n nh\u01b0 ph\u00f3ng h\u1ed3 quang \u0111i\u1ec7n, l\u1ed7i d\u00e2y \u0111i\u1ec7n, hay l\u1eafp \u0111\u1eb7t c\u00e1ch \u0111i\u1ec7n kh\u00f4ng \u0111\u1ea1t chu\u1ea9n.<\/p>\n<p><strong>2. C\u00f4ng tr\u00ecnh c\u1ea7n v\u00e0 kh\u00f4ng c\u1ea7n th\u1ea9m duy\u1ec7t PCCC<\/strong><\/p>\n<p>Kh\u00f4ng ph\u1ea3i t\u1ea5t c\u1ea3 c\u00e1c c\u00f4ng tr\u00ecnh \u0111\u1ec1u c\u1ea7n th\u1ea9m duy\u1ec7t PCCC. T\u00f9y thu\u1ed9c v\u00e0o quy m\u00f4 v\u00e0 m\u1ee5c \u0111\u00edch s\u1eed d\u1ee5ng, m\u1ed9t s\u1ed1 c\u00f4ng tr\u00ecnh nh\u01b0 khu ch\u1ebf xu\u1ea5t, khu c\u00f4ng nghi\u1ec7p, tr\u01b0\u1eddng h\u1ecdc v\u00e0 nh\u00e0 m\u00e1y \u0111i\u1ec7n c\u1ea7n ph\u1ea3i c\u00f3 s\u1ef1 th\u1ea9m duy\u1ec7t c\u1ee7a c\u01a1 quan c\u1ea3nh s\u00e1t PCCC. Trong khi \u0111\u00f3, c\u00e1c c\u00f4ng tr\u00ecnh nh\u1ecf h\u01a1n, kh\u00f4ng n\u1eb1m trong danh s\u00e1ch quy \u0111\u1ecbnh c\u00f3 th\u1ec3 kh\u00f4ng y\u00eau c\u1ea7u th\u1ea9m duy\u1ec7t nh\u01b0ng v\u1eabn c\u1ea7n tu\u00e2n th\u1ee7 h\u01b0\u1edbng d\u1eabn c\u1ee5 th\u1ec3 v\u1ec1 PCCC.<\/p>\n<p><strong>3. Ti\u00eau chu\u1ea9n PCCC n\u0103ng l\u01b0\u1ee3ng m\u1eb7t tr\u1eddi \u0111\u01b0\u1ee3c c\u1ea5p ph\u00e9p<\/strong><\/p>\n<p>Ti\u00eau chu\u1ea9n PCCC cho h\u1ec7 th\u1ed1ng \u0111i\u1ec7n m\u1eb7t tr\u1eddi m\u00e1i nh\u00e0 bao g\u1ed3m c\u00e1c quy \u0111\u1ecbnh v\u1ec1 ch\u1ed1ng s\u00e9t, trang b\u1ecb b\u00ecnh ch\u1eefa ch\u00e1y, v\u00e0 c\u00e1ch thi\u1ebft k\u1ebf l\u1eafp \u0111\u1eb7t h\u1ec7 th\u1ed1ng \u0111\u1ec3 \u0111\u1ea3m b\u1ea3o an to\u00e0n. C\u00e1c ti\u00eau chu\u1ea9n n\u00e0y \u0111\u01b0\u1ee3c th\u1ec3 hi\u1ec7n qua c\u00e1c quy \u0111\u1ecbnh c\u1ee5 th\u1ec3 nh\u01b0 TCVN 9385:2012 v\u00e0 TCVN 3890:2021.<\/p>\n<p><strong>4. Quy \u0111\u1ecbnh PCCC v\u1ec1 vi\u1ec7c b\u1ed1 tr\u00ed l\u1eafp \u0111\u1eb7t<\/strong><\/p>\n<p>C\u00e1c khuy\u1ebfn c\u00e1o chi ti\u1ebft \u0111\u00e3 \u0111\u01b0\u1ee3c \u0111\u01b0a ra \u0111\u1ec3 gi\u1ea3m thi\u1ec3u nguy c\u01a1 ch\u00e1y n\u1ed5 t\u1eeb vi\u1ec7c l\u1eafp \u0111\u1eb7t t\u1ea5m pin m\u1eb7t tr\u1eddi, bao g\u1ed3m vi\u1ec7c h\u1ea1n ch\u1ebf l\u1eafp \u0111\u1eb7t tr\u00ean c\u00e1c m\u00e1i nh\u00e0 c\u00f3 nguy c\u01a1 ch\u00e1y n\u1ed5 cao, c\u00e1ch b\u1ed1 tr\u00ed t\u1ea5m pin v\u00e0 y\u00eau c\u1ea7u v\u1ec1 t\u1ea3i tr\u1ecdng \u1ea3nh h\u01b0\u1edfng \u0111\u1ebfn k\u1ebft c\u1ea5u m\u00e1i nh\u00e0.<\/p>\n<p>Theo h\u01b0\u1edbng d\u1eabn t\u1eeb C\u1ee5c C\u1ea3nh s\u00e1t Ph\u00f2ng ch\u00e1y ch\u1eefa ch\u00e1y, qu\u00e1 tr\u00ecnh th\u1ea9m duy\u1ec7t thi\u1ebft k\u1ebf v\u1ec1 ph\u00f2ng ch\u00e1y ch\u1eefa ch\u00e1y cho c\u00e1c h\u1ec7 th\u1ed1ng \u0111i\u1ec7n m\u1eb7t tr\u1eddi l\u1eafp \u0111\u1eb7t tr\u00ean m\u00e1i nh\u00e0 l\u00e0 b\u1eaft bu\u1ed9c \u0111\u1ed1i v\u1edbi c\u00e1c c\u00f4ng tr\u00ecnh n\u1eb1m trong danh m\u1ee5c d\u1ef1 \u00e1n ph\u1ea3i th\u1ea9m duy\u1ec7t thi\u1ebft k\u1ebf theo quy \u0111\u1ecbnh t\u1ea1i ph\u1ee5 l\u1ee5c 4 c\u1ee7a ngh\u1ecb \u0111\u1ecbnh s\u1ed1 79\/2014. Danh m\u1ee5c n\u00e0y bao g\u1ed3m c\u00e1c khu ch\u1ebf xu\u1ea5t, khu c\u00f4ng nghi\u1ec7p, h\u1ecdc vi\u1ec7n, tr\u01b0\u1eddng \u0111\u1ea1i h\u1ecdc, b\u1ea3o t\u00e0ng, c\u1ea3ng h\u00e0ng kh\u00f4ng v\u00e0 c\u00e1c c\u00f4ng tr\u00ecnh t\u01b0\u01a1ng t\u1ef1. Tuy nhi\u00ean, \u0111\u1ed1i v\u1edbi nh\u1eefng c\u00f4ng tr\u00ecnh kh\u00f4ng n\u1eb1m trong danh m\u1ee5c n\u00e0y, m\u1eb7c d\u00f9 kh\u00f4ng y\u00eau c\u1ea7u th\u1ea9m duy\u1ec7t thi\u1ebft k\u1ebf v\u1ec1 ph\u00f2ng ch\u00e1y ch\u1eefa ch\u00e1y, v\u1eabn c\u1ea7n tu\u00e2n theo h\u01b0\u1edbng d\u1eabn v\u00e0 c\u00e1c khuy\u1ebfn c\u00e1o \u0111\u1ec3 \u0111\u1ea3m b\u1ea3o an to\u00e0n.<\/p>\n<p>C\u1ee5c C\u1ea3nh s\u00e1t Ph\u00f2ng ch\u00e1y ch\u1eefa ch\u00e1y c\u0169ng nh\u1ea5n m\u1ea1nh r\u1eb1ng c\u00e1c t\u1ea5m pin m\u1eb7t tr\u1eddi d\u1ea1ng phim m\u1ecfng c\u00f3 nguy c\u01a1 b\u1eaft ch\u00e1y cao h\u01a1n so v\u1edbi t\u1ea5m pin d\u1ea1ng tinh th\u1ec3, do \u0111\u00f3 khuy\u1ebfn kh\u00edch s\u1eed d\u1ee5ng lo\u1ea1i t\u1ea5m pin tinh th\u1ec3. V\u1ec1 c\u00e1ch b\u1ed1 tr\u00ed thi\u1ebft b\u1ecb, c\u1ee5c n\u00e0y khuy\u1ebfn c\u00e1o r\u1eb1ng t\u1ea5m pin khi l\u1eafp \u0111\u1eb7t tr\u00ean m\u00e1i n\u00ean \u0111\u01b0\u1ee3c chia th\u00e0nh c\u00e1c nh\u00f3m ho\u1eb7c d\u00e3y, v\u1edbi k\u00edch th\u01b0\u1edbc kh\u00f4ng v\u01b0\u1ee3t qu\u00e1 40&#215;40 m\u00e9t cho m\u1ed7i nh\u00f3m v\u00e0 kho\u1ea3ng c\u00e1ch gi\u1eefa c\u00e1c nh\u00f3m kh\u00f4ng nh\u1ecf h\u01a1n 1,5 m\u00e9t. Ngo\u00e0i ra, c\u00e1c t\u1ea5m pin kh\u00f4ng n\u00ean \u0111\u01b0\u1ee3c b\u1ed1 tr\u00ed trong ph\u1ea1m vi 3 m\u00e9t xung quanh l\u1ed1i tho\u00e1t hi\u1ec3m tr\u00ean m\u00e1i v\u00e0 qua c\u00e1c bu\u1ed3ng thang b\u1ed9.<\/p>\n<p>\u0110\u1eb7c bi\u1ec7t, theo quy \u0111\u1ecbnh, kh\u00f4ng \u0111\u01b0\u1ee3c ph\u00e9p l\u1eafp \u0111\u1eb7t t\u1ea5m pin tr\u00ean c\u00e1c m\u00e1i l\u00e0m t\u1eeb v\u1eadt li\u1ec7u d\u1ec5 ch\u00e1y ho\u1eb7c c\u00f3 ho\u00e0n thi\u1ec7n b\u1eb1ng ch\u1ea5t li\u1ec7u d\u1ec5 ch\u00e1y.<\/p>\n<p><strong>5. Th\u1ee7 t\u1ee5c v\u00e0 h\u1ed3 s\u01a1 th\u1ea9m duy\u1ec7t PCCC<\/strong><\/p>\n<p>Qu\u00e1 tr\u00ecnh th\u1ea9m duy\u1ec7t PCCC y\u00eau c\u1ea7u h\u1ed3 s\u01a1 \u0111\u1ea7y \u0111\u1ee7 v\u00e0 chi ti\u1ebft t\u1eeb \u0111\u01a1n xin th\u1ea9m duy\u1ec7t \u0111\u1ebfn c\u00e1c b\u1ea3n v\u1ebd thi\u1ebft k\u1ebf v\u00e0 h\u1ed3 s\u01a1 ki\u1ec3m tra t\u1ea3i tr\u1ecdng m\u00e1i. C\u00e1c nh\u00e0 \u0111\u1ea7u t\u01b0 c\u1ea7n chu\u1ea9n b\u1ecb k\u1ef9 l\u01b0\u1ee1ng \u0111\u1ec3 \u0111\u1ea3m b\u1ea3o qu\u00e1 tr\u00ecnh th\u1ea9m duy\u1ec7t di\u1ec5n ra su\u00f4n s\u1ebb.<\/p>\n<p><strong>6. H\u1ed3 s\u01a1 th\u1ea9m duy\u1ec7t PCCC \u0111i\u1ec7n m\u1eb7t tr\u1eddi<\/strong><\/p>\n<ul>\n<li>\u0110\u01a1n xin th\u1ea9m duy\u1ec7t PCCC \u0111i\u1ec7n m\u1eb7t tr\u1eddi (m\u1eabu PC06)<\/li>\n<li>B\u00e1o c\u00e1o T\u1ed5ng m\u1ee9c \u0111\u1ea7u t\u01b0 c\u1ee7a D\u1ef1 \u00e1n\/ C\u00f4ng tr\u00ecnh.<\/li>\n<li>Gi\u1ea5y ph\u00e9p kinh doanh\/ Ch\u1ee9ng nh\u1eadn \u0111\u1ea7u t\u01b0 c\u1ee7a C\u0110T.<\/li>\n<li>V\u0103n b\u1ea3n \u1ee6y quy\u1ec1n (C\u0110T v\u00e0 T\u01b0 v\u1ea5n thi\u1ebft k\u1ebf).<\/li>\n<li>H\u1ed3 s\u01a1 thi\u1ebft k\u1ebf (B\u1ea3n v\u1ebd &amp; thuy\u1ebft minh).<\/li>\n<li>H\u1ed3 s\u01a1 h\u1ec7 th\u1ed1ng PCCC.<\/li>\n<li>H\u1ee3p \u0111\u1ed3ng thu\u00ea m\u00e1i\/ H\u1ee3p \u0111\u1ed3ng cho thu\u00ea\/ C\u00f4ng v\u0103n ch\u1ea5p thu\u1eadn l\u1eafp \u0111\u1eb7t t\u1ea5m pin.<\/li>\n<li>H\u1ed3 s\u01a1 ki\u1ec3m tra t\u1ea3i tr\u1ecdng m\u00e1i (n\u1ebfu c\u00f3).<\/li>\n<li>H\u1ed3 s\u01a1 n\u0103ng l\u1ef1c \u0111\u01a1n v\u1ecb T\u01b0 v\u1ea5n thi\u1ebft k\u1ebf PCCC\/ t\u01b0 v\u1ea5n thi\u1ebft k\u1ebf h\u1ec7 th\u1ed1ng \u0111i\u1ec7n (n\u1ebfu c\u00f3).<\/li>\n<\/ul>\n<p><strong>7. H\u1ed3 s\u01a1 thi\u1ebft k\u1ebf h\u1ec7 th\u1ed1ng PCCC<\/strong><\/p>\n<ul>\n<li>M\u1eb7t b\u1eb1ng t\u1ed5ng th\u1ec3; M\u1eb7t b\u1eb1ng b\u1ed1 tr\u00ed t\u1ea5m pin<\/li>\n<li>H\u1ec7 th\u1ed1ng b\u00e1o ch\u00e1y, h\u1ec7 th\u1ed1ng ch\u1eefa ch\u00e1y (n\u1ebfu c\u00f3)<\/li>\n<li>L\u1ed1i l\u00ean m\u00e1i\/ l\u1ed1i tho\u00e1t n\u1ea1n<\/li>\n<li>H\u1ec7 th\u1ed1ng ng\u1eaft kh\u1ea9n c\u1ea5p khi g\u1eb7p s\u1ef1 c\u1ed1<\/li>\n<li>H\u1ec7 th\u1ed1ng n\u1ed1i \u0111\u1ea5t t\u1ea5m pin v\u00e0 inverter<\/li>\n<\/ul>\n<p>Double L, v\u1edbi \u0111\u1ed9i ng\u0169 gi\u00e0u kinh nghi\u1ec7m v\u00e0 s\u1ef1 hi\u1ec3u bi\u1ebft s\u00e2u r\u1ed9ng v\u1ec1 quy \u0111\u1ecbnh c\u1ea5p ph\u00e9p v\u00e0 PCCC, s\u1ebd \u0111em l\u1ea1i s\u1ef1 h\u1ed7 tr\u1ee3 t\u1ed1t nh\u1ea5t cho kh\u00e1ch h\u00e0ng trong vi\u1ec7c \u0111\u00e1p \u1ee9ng m\u1ecdi y\u00eau c\u1ea7u ph\u00e1p l\u00fd v\u00e0 k\u1ef9 thu\u1eadt cho d\u1ef1 \u00e1n c\u1ee7a m\u00ecnh. Ch\u00fang t\u00f4i cam k\u1ebft cung c\u1ea5p d\u1ecbch v\u1ee5 ch\u1ea5t l\u01b0\u1ee3ng, \u0111\u1ea3m b\u1ea3o quy tr\u00ecnh nhanh g\u1ecdn v\u00e0 hi\u1ec7u qu\u1ea3 v\u1edbi chi ph\u00ed t\u1ed1i \u01b0u nh\u1ea5t cho m\u1ecdi d\u1ef1 \u00e1n \u0111i\u1ec7n m\u1eb7t tr\u1eddi \u00e1p m\u00e1i.<\/p>\n<p>M\u1ecdi th\u00f4ng tin chi ti\u1ebft v\u00e0 h\u1ed7 tr\u1ee3 v\u1ec1 quy \u0111\u1ecbnh PCCC \u0111i\u1ec7n m\u1eb7t tr\u1eddi \u00e1p m\u00e1i, kh\u00e1ch h\u00e0ng c\u00f3 th\u1ec3 li\u00ean h\u1ec7 tr\u1ef1c ti\u1ebfp v\u1edbi Double L \u0111\u1ec3 nh\u1eadn \u0111\u01b0\u1ee3c s\u1ef1 t\u01b0 v\u1ea5n v\u00e0 h\u1ed7 tr\u1ee3 nhi\u1ec7t t\u00ecnh, chu \u0111\u00e1o nh\u1ea5t.<\/p>","protected":false},"excerpt":{"rendered":"<p>V\u1edbi kinh nghi\u1ec7m nhi\u1ec1u n\u0103m l\u00e0m vi\u1ec7c t\u1ea1i c\u00e1c khu c\u00f4ng nghi\u1ec7p, Double L hi\u1ec3u r\u00f5 h\u00e0nh vi v\u00e0 nhu c\u1ea7u c\u1ee7a kh\u00e1ch h\u00e0ng. Ch\u00fang t\u00f4i lu\u00f4n xem kh\u00e1ch h\u00e0ng l\u00e0 \u0111\u1ed1i t\u00e1c v\u00e0 lu\u00f4n h\u01b0\u1edbng t\u1edbi m\u1ed1i quan h\u1ec7 c\u00f9ng c\u00f3 l\u1ee3i cho Double L v\u00e0 kh\u00e1ch h\u00e0ng.<\/p>","protected":false},"author":1,"featured_media":592,"parent":0,"menu_order":0,"comment_status":"closed","ping_status":"closed","template":"templates\/service-detail.php","meta":{"footnotes":""},"acf":[],"_links":{"self":[{"href":"https:\/\/www.doublel.com.vn\/ko\/wp-json\/wp\/v2\/pages\/315"}],"collection":[{"href":"https:\/\/www.doublel.com.vn\/ko\/wp-json\/wp\/v2\/pages"}],"about":[{"href":"https:\/\/www.doublel.com.vn\/ko\/wp-json\/wp\/v2\/types\/page"}],"author":[{"embeddable":true,"href":"https:\/\/www.doublel.com.vn\/ko\/wp-json\/wp\/v2\/users\/1"}],"replies":[{"embeddable":true,"href":"https:\/\/www.doublel.com.vn\/ko\/wp-json\/wp\/v2\/comments?post=315"}],"version-history":[{"count":11,"href":"https:\/\/www.doublel.com.vn\/ko\/wp-json\/wp\/v2\/pages\/315\/revisions"}],"predecessor-version":[{"id":629,"href":"https:\/\/www.doublel.com.vn\/ko\/wp-json\/wp\/v2\/pages\/315\/revisions\/629"}],"wp:featuredmedia":[{"embeddable":true,"href":"https:\/\/www.doublel.com.vn\/ko\/wp-json\/wp\/v2\/media\/592"}],"wp:attachment":[{"href":"https:\/\/www.doublel.com.vn\/ko\/wp-json\/wp\/v2\/media?parent=315"}],"curies":[{"name":"wp","href":"https:\/\/api.w.org\/{rel}","templated":true}]}}