{"id":291,"date":"2023-12-14T09:33:04","date_gmt":"2023-12-14T09:33:04","guid":{"rendered":"https:\/\/doublel.com.vn\/?page_id=291"},"modified":"2024-01-07T18:20:21","modified_gmt":"2024-01-07T11:20:21","slug":"giay-phep-lien-quan-den-xay-dung-nha-may-trong-khu-cong-nghiep","status":"publish","type":"page","link":"https:\/\/www.doublel.com.vn\/ko\/giay-phep-lien-quan-den-xay-dung-nha-may-trong-khu-cong-nghiep\/","title":{"rendered":"\uc0b0\uc5c5\ub2e8\uc9c0 \ub0b4 \uacf5\uc7a5\uac74\uc124 \uad00\ub828 \uc778\ud5c8\uac00"},"content":{"rendered":"<p>Trong b\u1ed1i c\u1ea3nh kinh t\u1ebf hi\u1ec7n \u0111\u1ea1i, quy tr\u00ecnh xin c\u1ea5p gi\u1ea5y ph\u00e9p \u0111\u1ea7u t\u01b0 \u0111\u00e3 tr\u1edf n\u00ean ti\u1ec7n l\u1ee3i v\u00e0 linh ho\u1ea1t h\u01a1n, \u0111\u1eb7c bi\u1ec7t v\u1edbi s\u1ef1 c\u1ea3i ti\u1ebfn c\u1ee7a ch\u00ednh s\u00e1ch m\u1ed9t c\u1eeda. \u0110i\u1ec1u n\u00e0y \u0111\u00e3 t\u1ea1o \u0111i\u1ec1u ki\u1ec7n thu\u1eadn l\u1ee3i cho c\u00e1c doanh nghi\u1ec7p v\u00e0 c\u00e1 nh\u00e2n trong vi\u1ec7c nhanh ch\u00f3ng ho\u00e0n t\u1ea5t c\u00e1c th\u1ee7 t\u1ee5c c\u1ea7n thi\u1ebft. C\u1ee5 th\u1ec3, n\u1ebfu b\u1ea1n \u0111ang h\u01b0\u1edbng \u0111\u1ebfn vi\u1ec7c kinh doanh t\u1ea1i Vi\u1ec7t Nam, d\u01b0\u1edbi \u0111\u00e2y l\u00e0 nh\u1eefng ph\u00e2n kh\u00fac b\u1ea1n c\u1ea7n xin c\u1ea5p gi\u1ea5y ph\u00e9p:<\/p>\n<ol>\n<li><strong>C\u00e1c lo\u1ea1i gi\u1ea5y ph\u00e9p d\u1ef1 \u00e1n:<\/strong><\/li>\n<\/ol>\n<ul>\n<li>Gi\u1ea5y ph\u00e9p \u0111\u1ea7u t\u01b0;<\/li>\n<li>Gi\u1ea5y ph\u00e9p th\u00e0nh l\u1eadp c\u00f4ng ty;<\/li>\n<li>Gi\u1ea5p ph\u00e9p x\u00e2y d\u1ef1ng;<\/li>\n<li>Quy ho\u1ea1ch 1\/500;<\/li>\n<li>C\u00e1c lo\u1ea1i gi\u1ea5y t\u1edd kh\u00e1c.<\/li>\n<\/ul>\n<p><strong>2. C\u0103n c\u1ee9 ph\u00e1p l\u00fd c\u1ee7a th\u1ee7 t\u1ee5c h\u00e0nh ch\u00ednh:<\/strong><\/p>\n<ul>\n<li>Ngh\u1ecb \u0111\u1ecbnh s\u1ed1 64\/2012\/N\u0110-CP ng\u00e0y 4\/9\/2012 c\u1ee7a Ch\u00ednh ph\u1ee7 v\u1ec1 c\u1ea5p gi\u1ea5y ph\u00e9p x\u00e2y d\u1ef1ng;<\/li>\n<li>Ngh\u1ecb \u0111\u1ecbnh s\u1ed1 24\/2006\/N\u0110-CP ng\u00e0y 6\/3\/2006 c\u1ee7a Ch\u00ednh ph\u1ee7 s\u1eeda \u0111\u1ed5i, b\u1ed5 sung Ngh\u1ecb \u0111\u1ecbnh s\u1ed1 57\/2002\/N\u0110-CP ng\u00e0y 3\/6\/2002 c\u1ee7a Ch\u00ednh ph\u1ee7 v\u1ec1 quy \u0111\u1ecbnh chi ti\u1ebft thi h\u00e0nh ph\u00e1p l\u1ec7nh ph\u00ed v\u00e0 l\u1ec7 ph\u00ed;<\/li>\n<li>Th\u00f4ng t\u01b0 s\u1ed1 10\/2012\/TT-BXD ng\u00e0y 20\/12\/2012 c\u1ee7a B\u1ed9 X\u00e2y d\u1ef1ng h\u01b0\u1edbng d\u1eabn chi ti\u1ebft m\u1ed9t s\u1ed1 n\u1ed9i dung c\u1ee7a Ngh\u1ecb \u0111\u1ecbnh s\u1ed1 64\/2012\/N\u0110-CP ng\u00e0y 4\/9\/2012 c\u1ee7a Ch\u00ednh ph\u1ee7 v\u1ec1 c\u1ea5p gi\u1ea5y ph\u00e9p x\u00e2y d\u1ef1ng;<\/li>\n<li>Quy\u1ebft \u0111\u1ecbnh s\u1ed1 61\/2013\/Q\u0110-UBND ng\u00e0y 24\/12\/2013 c\u1ee7a UBND t\u1ec9nh B\u00ecnh Ph\u01b0\u1edbc v\u1ec1 vi\u1ec7c ban h\u00e0nh Quy \u0111\u1ecbnh c\u1ea5p gi\u1ea5y ph\u00e9p x\u00e2y d\u1ef1ng tr\u00ean \u0111\u1ecba b\u00e0n t\u1ec9nh;<\/li>\n<li>Quy\u1ebft \u0111\u1ecbnh s\u1ed1 42\/2012\/Q\u0110-UBND 28\/12\/2012 c\u1ee7a UBND t\u1ec9nh Ban h\u00e0nh m\u1ee9c thu m\u1ed9t s\u1ed1 lo\u1ea1i ph\u00ed, l\u1ec7 ph\u00ed tr\u00ean \u0111\u1ecba b\u00e0n t\u1ec9nh.<\/li>\n<\/ul>\n<p><strong>3. C\u00e1c d\u1ef1 \u00e1n b\u00ean ngo\u00e0i khu c\u00f4ng nghi\u1ec7p, khu ch\u1ebf xu\u1ea5t, khu c\u00f4ng ngh\u1ec7 cao v\u00e0 khu kinh t\u1ebf:<\/strong><\/p>\n<ul>\n<li>D\u1ef1 \u00e1n kh\u00f4ng ph\u00e2n bi\u1ec7t ngu\u1ed3n v\u1ed1n, bao g\u1ed3m x\u00e2y d\u1ef1ng v\u00e0 kinh doanh c\u1ea3ng h\u00e0ng kh\u00f4ng, c\u1ea3ng bi\u1ec3n, th\u0103m d\u00f2 v\u00e0 ch\u1ebf bi\u1ebfn d\u1ea7u kh\u00ed, kho\u00e1ng s\u1ea3n, ng\u00e0nh ph\u00e1t thanh, truy\u1ec1n h\u00ecnh, casino, s\u1ea3n xu\u1ea5t thu\u1ed1c l\u00e1, c\u01a1 s\u1edf \u0111\u00e0o t\u1ea1o \u0111\u1ea1i h\u1ecdc v\u00e0 l\u1eadp khu c\u00f4ng nghi\u1ec7p.<\/li>\n<li>D\u1ef1 \u00e1n v\u1edbi quy m\u00f4 t\u1eeb 1.500 t\u1ec9 \u0111\u1ed3ng tr\u1edf l\u00ean, bao g\u1ed3m kinh doanh \u0111i\u1ec7n, ch\u1ebf bi\u1ebfn kho\u00e1ng s\u1ea3n, luy\u1ec7n kim, x\u00e2y d\u1ef1ng c\u01a1 s\u1edf h\u1ea1 t\u1ea7ng giao th\u00f4ng, s\u1ea3n xu\u1ea5t v\u00e0 kinh doanh r\u01b0\u1ee3u, bia.<\/li>\n<li>D\u1ef1 \u00e1n c\u00f3 v\u1ed1n \u0111\u1ea7u t\u01b0 n\u01b0\u1edbc ngo\u00e0i, bao g\u1ed3m v\u1eadn t\u1ea3i bi\u1ec3n, d\u1ecbch v\u1ee5 b\u01b0u ch\u00ednh, vi\u1ec5n th\u00f4ng, internet, in \u1ea5n, xu\u1ea5t b\u1ea3n v\u00e0 nghi\u00ean c\u1ee9u khoa h\u1ecdc.<br \/>\nD\u1ef1 \u00e1n ph\u00f9 h\u1ee3p v\u1edbi quy ho\u1ea1ch \u0111\u01b0\u1ee3c Th\u1ee7 t\u01b0\u1edbng ch\u1ea5p thu\u1eadn s\u1ebd \u0111\u01b0\u1ee3c c\u1ea5p gi\u1ea5y ph\u00e9p m\u00e0 kh\u00f4ng c\u1ea7n tr\u00ecnh l\u00ean c\u1ea5p cao h\u01a1n. Tr\u00e1i l\u1ea1i, d\u1ef1 \u00e1n n\u1eb1m ngo\u00e0i quy ho\u1ea1ch ho\u1eb7c kh\u00f4ng \u0111\u00e1p \u1ee9ng c\u00e1c ti\u00eau chu\u1ea9n qu\u1ed1c t\u1ebf s\u1ebd c\u1ea7n \u00fd ki\u1ebfn t\u1eeb c\u00e1c b\u1ed9, ng\u00e0nh li\u00ean quan v\u00e0 s\u1ef1 duy\u1ec7t c\u1ee7a Th\u1ee7 t\u01b0\u1edbng.<\/li>\n<\/ul>\n<p>\u0110\u1ed1i v\u1edbi c\u00e1c d\u1ef1 \u00e1n ph\u00e1t tri\u1ec3n h\u1ea1 t\u1ea7ng khu c\u00f4ng nghi\u1ec7p kh\u00f4ng c\u00f3 ban qu\u1ea3n l\u00fd, u\u1ef7 ban nh\u00e2n d\u00e2n c\u1ea5p t\u1ec9nh s\u1ebd l\u00e0 c\u01a1 quan quy\u1ebft \u0111\u1ecbnh c\u1ea5p ph\u00e9p.<\/p>\n<p><strong>4. Quy tr\u00ecnh c\u1ea5p gi\u1ea5y ph\u00e9p bao g\u1ed3m c\u00e1c b\u01b0\u1edbc sau:<\/strong><\/p>\n<ul>\n<li>B\u01b0\u1edbc 1: N\u1ed9p h\u1ed3 s\u01a1 t\u1ea1i S\u1edf K\u1ebf ho\u1ea1ch v\u00e0 \u0110\u1ea7u t\u01b0, nh\u1eadn ph\u1ea3n h\u1ed3i sau 35 ng\u00e0y.<\/li>\n<li>B\u01b0\u1edbc 2: S\u1edf K\u1ebf ho\u1ea1ch v\u00e0 \u0110\u1ea7u t\u01b0 xin \u00fd ki\u1ebfn t\u1eeb c\u01a1 quan li\u00ean quan.<\/li>\n<li>B\u01b0\u1edbc 3: Ki\u1ec3m tra t\u00ednh ph\u00e1p l\u00fd c\u1ee7a vi\u1ec7c s\u1eed d\u1ee5ng \u0111\u1ea5t.<\/li>\n<li>B\u01b0\u1edbc 4: U\u1ef7 ban Nh\u00e2n d\u00e2n c\u1ea5p t\u1ec9nh xem x\u00e9t v\u00e0 \u0111\u01b0a ra quy\u1ebft \u0111\u1ecbnh.<\/li>\n<\/ul>\n<p><strong>5. H\u1ed3 s\u01a1 c\u1ea7n chu\u1ea9n b\u1ecb g\u1ed3m:<\/strong><\/p>\n<blockquote><p>1. \u0110\u01a1n \u0111\u1ec1 ngh\u1ecb c\u1ea5p ph\u00e9p.<br \/>\n2. B\u1ea3n sao ch\u1ee9ng minh nh\u00e2n d\u00e2n ho\u1eb7c h\u1ed9 chi\u1ebfu.<br \/>\n3. V\u0103n b\u1ea3n m\u00f4 t\u1ea3 chi ti\u1ebft d\u1ef1 \u00e1n.<br \/>\n4. Ch\u1ee9ng t\u1eeb v\u1ec1 ngu\u1ed3n v\u1ed1n.<br \/>\n5. \u0110\u1ec1 xu\u1ea5t s\u1eed d\u1ee5ng \u0111\u1ea5t v\u00e0 t\u00e1i \u0111\u1ecbnh c\u01b0 n\u1ebfu c\u1ea7n.<br \/>\n6. B\u00e1o c\u00e1o t\u00e1c \u0111\u1ed9ng m\u00f4i tr\u01b0\u1eddng.<br \/>\n7. Gi\u1ea3i tr\u00ecnh v\u1ec1 c\u00f4ng ngh\u1ec7.<br \/>\n8. \u0110\u00e1nh gi\u00e1 v\u1ec1 hi\u1ec7u qu\u1ea3 kinh t\u1ebf.<\/p><\/blockquote>\n<p>N\u1ed9p h\u1ed3 s\u01a1 t\u1ea1i S\u1edf K\u1ebf ho\u1ea1ch v\u00e0 \u0110\u1ea7u t\u01b0 n\u01a1i d\u1ef1 \u00e1n s\u1ebd \u0111\u01b0\u1ee3c tri\u1ec3n khai.<\/p>\n<p>\u0110\u1ec3 tr\u00e1nh r\u1ee7i ro t\u1eeb ch\u1ed1i, nhi\u1ec1u doanh nghi\u1ec7p l\u1ef1a ch\u1ecdn s\u1eed d\u1ee5ng d\u1ecbch v\u1ee5 chuy\u00ean nghi\u1ec7p trong vi\u1ec7c so\u1ea1n th\u1ea3o h\u1ed3 s\u01a1 xin gi\u1ea5y ph\u00e9p \u0111\u1ea7u t\u01b0, b\u1edfi kinh nghi\u1ec7m v\u00e0 t\u00ednh chuy\u00ean nghi\u1ec7p s\u1ebd t\u0103ng c\u01a1 h\u1ed9i \u0111\u01b0\u1ee3c ch\u1ea5p thu\u1eadn v\u00e0 h\u1ea1n ch\u1ebf r\u1ee7i ro b\u1ecb t\u1eeb ch\u1ed1i do h\u1ed3 s\u01a1 kh\u00f4ng \u0111\u1ea7y \u0111\u1ee7 hay kh\u00f4ng thuy\u1ebft ph\u1ee5c.<\/p>","protected":false},"excerpt":{"rendered":"<p>V\u1edbi kinh nghi\u1ec7m nhi\u1ec1u n\u0103m l\u00e0m vi\u1ec7c t\u1ea1i c\u00e1c khu c\u00f4ng nghi\u1ec7p, Double L hi\u1ec3u r\u00f5 h\u00e0nh vi v\u00e0 nhu c\u1ea7u c\u1ee7a kh\u00e1ch h\u00e0ng. Ch\u00fang t\u00f4i lu\u00f4n xem kh\u00e1ch h\u00e0ng l\u00e0 \u0111\u1ed1i t\u00e1c v\u00e0 lu\u00f4n h\u01b0\u1edbng t\u1edbi m\u1ed1i quan h\u1ec7 c\u00f9ng c\u00f3 l\u1ee3i cho Double L v\u00e0 kh\u00e1ch h\u00e0ng.<\/p>","protected":false},"author":1,"featured_media":593,"parent":0,"menu_order":0,"comment_status":"closed","ping_status":"closed","template":"templates\/service-detail.php","meta":{"footnotes":""},"acf":[],"_links":{"self":[{"href":"https:\/\/www.doublel.com.vn\/ko\/wp-json\/wp\/v2\/pages\/291"}],"collection":[{"href":"https:\/\/www.doublel.com.vn\/ko\/wp-json\/wp\/v2\/pages"}],"about":[{"href":"https:\/\/www.doublel.com.vn\/ko\/wp-json\/wp\/v2\/types\/page"}],"author":[{"embeddable":true,"href":"https:\/\/www.doublel.com.vn\/ko\/wp-json\/wp\/v2\/users\/1"}],"replies":[{"embeddable":true,"href":"https:\/\/www.doublel.com.vn\/ko\/wp-json\/wp\/v2\/comments?post=291"}],"version-history":[{"count":14,"href":"https:\/\/www.doublel.com.vn\/ko\/wp-json\/wp\/v2\/pages\/291\/revisions"}],"predecessor-version":[{"id":625,"href":"https:\/\/www.doublel.com.vn\/ko\/wp-json\/wp\/v2\/pages\/291\/revisions\/625"}],"wp:featuredmedia":[{"embeddable":true,"href":"https:\/\/www.doublel.com.vn\/ko\/wp-json\/wp\/v2\/media\/593"}],"wp:attachment":[{"href":"https:\/\/www.doublel.com.vn\/ko\/wp-json\/wp\/v2\/media?parent=291"}],"curies":[{"name":"wp","href":"https:\/\/api.w.org\/{rel}","templated":true}]}}