{"id":280,"date":"2023-12-14T08:50:43","date_gmt":"2023-12-14T08:50:43","guid":{"rendered":"https:\/\/doublel.com.vn\/?page_id=280"},"modified":"2024-01-07T18:23:52","modified_gmt":"2024-01-07T11:23:52","slug":"dich-vu-giay-phep-pccc-cho-nha-may","status":"publish","type":"page","link":"https:\/\/www.doublel.com.vn\/ko\/dich-vu-giay-phep-pccc-cho-nha-may\/","title":{"rendered":"D\u1ecbch v\u1ee5 Gi\u1ea5y Ph\u00e9p PCCC cho nh\u00e0 m\u00e1y"},"content":{"rendered":"<p>V\u1edbi kinh nghi\u1ec7m nhi\u1ec1u n\u0103m l\u00e0m vi\u1ec7c t\u1ea1i c\u00e1c khu c\u00f4ng nghi\u1ec7p, Double L hi\u1ec3u r\u00f5 h\u00e0nh vi v\u00e0 nhu c\u1ea7u c\u1ee7a kh\u00e1ch h\u00e0ng. Ch\u00fang t\u00f4i lu\u00f4n xem kh\u00e1ch h\u00e0ng l\u00e0 \u0111\u1ed1i t\u00e1c v\u00e0 lu\u00f4n h\u01b0\u1edbng t\u1edbi m\u1ed1i quan h\u1ec7 c\u00f9ng c\u00f3 l\u1ee3i cho Double L v\u00e0 kh\u00e1ch h\u00e0ng.<\/p>\n<p>D\u1ecbch v\u1ee5 gi\u1ea5y ph\u00e9p ph\u00f2ng ch\u00e1y ch\u1eefa ch\u00e1y (PCCC) \u0111ang ng\u00e0y c\u00e0ng tr\u1edf n\u00ean quan tr\u1ecdng \u0111\u1ed1i v\u1edbi c\u00e1c doanh nghi\u1ec7p v\u00e0 c\u01a1 s\u1edf s\u1ea3n xu\u1ea5t t\u1ea1i Vi\u1ec7t Nam, \u0111\u1eb7c bi\u1ec7t l\u00e0 nh\u1eefng nh\u00e0 m\u00e1y c\u00f3 quy m\u00f4 l\u1edbn nh\u01b0 c\u1ee7a Double L. S\u1ef1 quan t\u00e2m t\u0103ng cao \u0111\u1ebfn v\u1ea5n \u0111\u1ec1 PCCC kh\u00f4ng ch\u1ec9 th\u1ec3 hi\u1ec7n tr\u00e1ch nhi\u1ec7m v\u1edbi c\u1ed9ng \u0111\u1ed3ng m\u00e0 c\u00f2n l\u00e0 y\u00eau c\u1ea7u b\u1eaft bu\u1ed9c theo quy \u0111\u1ecbnh ph\u00e1p lu\u1eadt nh\u1eb1m \u0111\u1ea3m b\u1ea3o an to\u00e0n cho ng\u01b0\u1eddi lao \u0111\u1ed9ng v\u00e0 t\u00e0i s\u1ea3n c\u1ee7a doanh nghi\u1ec7p.<\/p>\n<ol>\n<li><strong>T\u1ea7m Quan Tr\u1ecdng c\u1ee7a Gi\u1ea5y Ph\u00e9p PCCC<\/strong><\/li>\n<\/ol>\n<p>Gi\u1ea5y ph\u00e9p PCCC l\u00e0 t\u00e0i li\u1ec7u ph\u00e1p l\u00fd b\u1eaft bu\u1ed9c \u0111\u1ed1i v\u1edbi c\u00e1c c\u00f4ng tr\u00ecnh v\u00e0 doanh nghi\u1ec7p nh\u1eb1m ch\u1ee9ng minh c\u01a1 s\u1edf \u0111\u00f3 tu\u00e2n th\u1ee7 \u0111\u1ea7y \u0111\u1ee7 c\u00e1c quy \u0111\u1ecbnh v\u1ec1 ph\u00f2ng ch\u00e1y v\u00e0 ch\u1eefa ch\u00e1y. \u0110\u1ed1i v\u1edbi nh\u00e0 m\u00e1y c\u1ee7a Double L, vi\u1ec7c c\u00f3 gi\u1ea5y ph\u00e9p PCCC kh\u00f4ng ch\u1ec9 gi\u00fap nh\u00e0 m\u00e1y ho\u1ea1t \u0111\u1ed9ng h\u1ee3p ph\u00e1p m\u00e0 c\u00f2n n\u00e2ng cao uy t\u00edn v\u00e0 tr\u00e1ch nhi\u1ec7m x\u00e3 h\u1ed9i, \u0111\u1ed3ng th\u1eddi gi\u1ea3m thi\u1ec3u r\u1ee7i ro v\u1ec1 t\u00e0i ch\u00ednh v\u00e0 nh\u00e2n s\u1ef1 trong tr\u01b0\u1eddng h\u1ee3p x\u1ea3y ra h\u1ecfa ho\u1ea1n.<\/p>\n<p><strong>2. <\/strong><strong>C\u00e1c Tr\u01b0\u1eddng H\u1ee3p C\u1ea7n Xin Gi\u1ea5y Ph\u00e9p PCCC<\/strong><\/p>\n<p>Theo Ngh\u1ecb \u0111\u1ecbnh 136\/2020\/N\u0110-CP, c\u00e1c c\u01a1 s\u1edf sau \u0111\u00e2y c\u1ea7n ph\u1ea3i xin gi\u1ea5y ph\u00e9p PCCC:<br \/>\n&#8211; C\u00e1c c\u01a1 quan nh\u00e0 n\u01b0\u1edbc;<br \/>\n&#8211; C\u00e1c c\u01a1 s\u1edf gi\u00e1o d\u1ee5c v\u00e0 y t\u1ebf;<br \/>\n&#8211; C\u00e1c c\u01a1 s\u1edf vui ch\u01a1i, gi\u1ea3i tr\u00ed v\u00e0 d\u1ecbch v\u1ee5;<br \/>\n&#8211; Trung t\u00e2m th\u01b0\u01a1ng m\u1ea1i, khu ch\u1ee3, si\u00eau th\u1ecb;<br \/>\n&#8211; C\u00e1c c\u01a1 s\u1edf l\u01b0u tr\u00fa nh\u01b0 kh\u00e1ch s\u1ea1n, nh\u00e0 ngh\u1ec9;<br \/>\n&#8211; Nh\u00e0 m\u00e1y, x\u00ed nghi\u1ec7p, kho b\u00e3i;<br \/>\n&#8211; C\u01a1 s\u1edf h\u1ea1 t\u1ea7ng quan tr\u1ecdng nh\u01b0 s\u00e2n bay, b\u1ebfn c\u1ea3ng, ga \u0111\u01b0\u1eddng s\u1eaft.<\/p>\n<p><strong>3. H\u1ed3 S\u01a1 Xin Gi\u1ea5y Ph\u00e9p PCCC<\/strong><\/p>\n<p>H\u1ed3 s\u01a1 xin c\u1ea5p gi\u1ea5y ph\u00e9p PCCC g\u1ed3m c\u00f3:<br \/>\n&#8211; V\u0103n b\u1ea3n \u0111\u1ec1 ngh\u1ecb c\u1ea5p gi\u1ea5y ph\u00e9p;<br \/>\n&#8211; B\u1ea3n sao gi\u1ea5y \u0111\u0103ng k\u00fd kinh doanh ho\u1eb7c t\u01b0\u01a1ng \u0111\u01b0\u01a1ng;<br \/>\n&#8211; Danh s\u00e1ch v\u00e0 b\u1ea3n sao ch\u1ee9ng ch\u1ec9 PCCC c\u1ee7a c\u00e1 nh\u00e2n li\u00ean quan;<br \/>\n&#8211; B\u1ea3n sao v\u0103n b\u1eb1ng chuy\u00ean m\u00f4n v\u00e0 c\u00e1c gi\u1ea5y t\u1edd ch\u1ee9ng minh \u0111i\u1ec1u ki\u1ec7n v\u1eadt ch\u1ea5t c\u1ea7n thi\u1ebft.<\/p>\n<p><strong>4. Quy Tr\u00ecnh Xin C\u1ea5p Gi\u1ea5y Ph\u00e9p PCCC<\/strong><\/p>\n<p>Quy tr\u00ecnh xin c\u1ea5p gi\u1ea5y ph\u00e9p PCCC di\u1ec5n ra nh\u01b0 sau:<br \/>\n1. Chu\u1ea9n b\u1ecb h\u1ed3 s\u01a1 theo quy \u0111\u1ecbnh;<br \/>\n2. N\u1ed9p h\u1ed3 s\u01a1 t\u1ea1i c\u01a1 quan c\u00f3 th\u1ea9m quy\u1ec1n;<br \/>\n3. Ki\u1ec3m tra h\u1ed3 s\u01a1 ph\u00e1p l\u00fd v\u00e0 ti\u1ebfp nh\u1eadn h\u1ed3 s\u01a1;<br \/>\n4. H\u01b0\u1edbng d\u1eabn b\u1ed5 sung n\u1ebfu h\u1ed3 s\u01a1 c\u00f2n thi\u1ebfu s\u00f3t;<br \/>\n5. C\u1ea5p gi\u1ea5y ph\u00e9p trong v\u00f2ng 7 ng\u00e0y l\u00e0m vi\u1ec7c n\u1ebfu h\u1ed3 s\u01a1 \u0111\u1ea1t chu\u1ea9n.<\/p>\n<p><strong>5. Th\u1eddi H\u1ea1n C\u1ee7a Gi\u1ea5y Ph\u00e9p PCCC<\/strong><\/p>\n<p>Gi\u1ea5y ph\u00e9p PCCC c\u00f3 th\u1eddi h\u1ea1n kh\u00e1c nhau t\u00f9y thu\u1ed9c v\u00e0o lo\u1ea1i h\u00ecnh:<br \/>\n&#8211; V\u1eadn chuy\u1ec3n h\u00e0ng h\u00f3a nguy hi\u1ec3m: Hi\u1ec7u l\u1ef1c 1 l\u1ea7n ho\u1eb7c kh\u00f4ng qu\u00e1 24 th\u00e1ng;<br \/>\n&#8211; Hu\u1ea5n luy\u1ec7n PCCC: Hi\u1ec7u l\u1ef1c 5 n\u0103m;<br \/>\n&#8211; C\u00e1c lo\u1ea1i gi\u1ea5y ph\u00e9p kh\u00e1c c\u00f3 th\u1ec3 kh\u00f4ng quy \u0111\u1ecbnh th\u1eddi h\u1ea1n c\u1ee5 th\u1ec3.<\/p>\n<p><strong>6. C\u0103n C\u1ee9 Ph\u00e1p L\u00fd<\/strong><\/p>\n<p>C\u00e1c quy \u0111\u1ecbnh ph\u00e1p l\u00fd li\u00ean quan \u0111\u1ebfn gi\u1ea5y ph\u00e9p PCCC bao g\u1ed3m:<br \/>\n&#8211; Lu\u1eadt Ph\u00f2ng ch\u00e1y v\u00e0 Ch\u1eefa ch\u00e1y s\u1ed1 27\/2001\/QH10;<br \/>\n&#8211; Ngh\u1ecb \u0111\u1ecbnh 136\/2020\/N\u0110-CP;<br \/>\n&#8211; Th\u00f4ng t\u01b0 s\u1ed1 66\/2014\/TT-BCA.<\/p>\n<p><strong>7. T\u1ea1i sao xin gi\u1ea5y ph\u00e9p PCCC c\u1ea7n d\u1ecbch v\u1ee5 c\u1ee7a c\u00f4ng ty Double L?<\/strong><br \/>\nXin gi\u1ea5y ph\u00e9p Ph\u00f2ng ch\u00e1y ch\u1eefa ch\u00e1y (PCCC) l\u00e0 m\u1ed9t quy tr\u00ecnh quan tr\u1ecdng v\u00e0 th\u01b0\u1eddng kh\u00e1 ph\u1ee9c t\u1ea1p, bao g\u1ed3m vi\u1ec7c chu\u1ea9n b\u1ecb \u0111\u1ea7y \u0111\u1ee7 h\u1ed3 s\u01a1, hi\u1ec3u bi\u1ebft v\u1ec1 c\u00e1c quy \u0111\u1ecbnh v\u00e0 ti\u00eau chu\u1ea9n k\u1ef9 thu\u1eadt c\u1ea7n thi\u1ebft. D\u01b0\u1edbi \u0111\u00e2y l\u00e0 l\u00fd do t\u1ea1i sao vi\u1ec7c l\u1ef1a ch\u1ecdn d\u1ecbch v\u1ee5 c\u1ee7a c\u00f4ng ty Double L c\u00f3 th\u1ec3 l\u00e0 quy\u1ebft \u0111\u1ecbnh s\u00e1ng su\u1ed1t khi xin gi\u1ea5y ph\u00e9p PCCC:<\/p>\n<ul>\n<li>T\u01b0 v\u1ea5n chuy\u00ean s\u00e2u: C\u00f4ng ty Double L c\u00f3 th\u1ec3 cung c\u1ea5p d\u1ecbch v\u1ee5 t\u01b0 v\u1ea5n chuy\u00ean nghi\u1ec7p, gi\u00fap gi\u1ea3i \u0111\u00e1p m\u1ecdi v\u01b0\u1edbng m\u1eafc li\u00ean quan \u0111\u1ebfn ho\u1ea1t \u0111\u1ed9ng kinh doanh v\u00e0 y\u00eau c\u1ea7u PCCC, \u0111\u1ea3m b\u1ea3o r\u1eb1ng doanh nghi\u1ec7p hi\u1ec3u r\u00f5 v\u1ec1 c\u00e1c quy \u0111\u1ecbnh v\u00e0 ti\u00eau chu\u1ea9n \u00e1p d\u1ee5ng.<\/li>\n<li>\u0110\u1ecbnh h\u01b0\u1edbng ho\u1ea1t \u0111\u1ed9ng: Qu\u00e1 tr\u00ecnh \u0111\u0103ng k\u00fd gi\u1ea5y ph\u00e9p PCCC c\u00f3 th\u1ec3 \u1ea3nh h\u01b0\u1edfng l\u1edbn \u0111\u1ebfn c\u00e1c ho\u1ea1t \u0111\u1ed9ng sau n\u00e0y c\u1ee7a doanh nghi\u1ec7p. Double L c\u00f3 th\u1ec3 gi\u00fap \u0111\u1ecbnh h\u01b0\u1edbng quy tr\u00ecnh n\u00e0y m\u1ed9t c\u00e1ch ch\u00ednh x\u00e1c ngay t\u1eeb ban \u0111\u1ea7u.<\/li>\n<li>Th\u1ee7 t\u1ee5c ph\u00e1p l\u00fd ph\u1ee9c t\u1ea1p: C\u00e1c th\u1ee7 t\u1ee5c ph\u00e1p l\u00fd li\u00ean quan \u0111\u1ebfn PCCC th\u01b0\u1eddng \u0111\u00f2i h\u1ecfi s\u1ef1 ch\u1ee7 \u0111\u1ed9ng v\u00e0 ti\u1ebfp x\u00fac v\u1edbi nhi\u1ec1u c\u01a1 quan nh\u00e0 n\u01b0\u1edbc kh\u00e1c nhau. Double L c\u00f3 kinh nghi\u1ec7m c\u1ea7n thi\u1ebft \u0111\u1ec3 \u0111\u01a1n gi\u1ea3n h\u00f3a quy tr\u00ecnh n\u00e0y.<\/li>\n<li>Ti\u1ebft ki\u1ec7m th\u1eddi gian v\u00e0 ngu\u1ed3n l\u1ef1c: Vi\u1ec7c th\u1ef1c hi\u1ec7n th\u1ee7 t\u1ee5c xin gi\u1ea5y ph\u00e9p PCCC c\u00f3 th\u1ec3 t\u1ed1n nhi\u1ec1u th\u1eddi gian v\u00e0 ngu\u1ed3n l\u1ef1c. S\u1eed d\u1ee5ng d\u1ecbch v\u1ee5 c\u1ee7a Double L c\u00f3 th\u1ec3 gi\u00fap doanh nghi\u1ec7p t\u1eadp trung v\u00e0o vi\u1ec7c kinh doanh ch\u00ednh c\u1ee7a m\u00ecnh, tr\u00e1nh l\u00e3ng ph\u00ed th\u1eddi gian v\u00e0 ngu\u1ed3n l\u1ef1c.<\/li>\n<li>Uy t\u00edn v\u00e0 h\u1ed7 tr\u1ee3 l\u00e2u d\u00e0i: L\u00e0 m\u1ed9t c\u00f4ng ty c\u00f3 uy t\u00edn, Double L kh\u00f4ng ch\u1ec9 gi\u00fap doanh nghi\u1ec7p gi\u1ea3i quy\u1ebft c\u00e1c th\u1ee7 t\u1ee5c ph\u00e1p l\u00fd ban \u0111\u1ea7u m\u00e0 c\u00f2n h\u1ed7 tr\u1ee3 doanh nghi\u1ec7p trong su\u1ed1t qu\u00e1 tr\u00ecnh ho\u1ea1t \u0111\u1ed9ng sau n\u00e0y, gi\u00fap doanh nghi\u1ec7p y\u00ean t\u00e2m v\u00e0 s\u1eb5n s\u00e0ng cho c\u00e1c t\u00ecnh hu\u1ed1ng ph\u00e1t sinh.<\/li>\n<\/ul>\n<p>L\u1ef1a ch\u1ecdn Double L c\u00f3 ngh\u0129a l\u00e0 b\u1ea1n \u0111ang l\u1ef1a ch\u1ecdn m\u1ed9t \u0111\u1ed1i t\u00e1c \u0111\u00e1ng tin c\u1eady, c\u00f3 th\u1ec3 h\u1ed7 tr\u1ee3 doanh nghi\u1ec7p c\u1ee7a b\u1ea1n qua m\u1ecdi giai \u0111o\u1ea1n c\u1ee7a quy tr\u00ecnh xin gi\u1ea5y ph\u00e9p PCCC, t\u1eeb vi\u1ec7c chu\u1ea9n b\u1ecb h\u1ed3 s\u01a1 \u0111\u1ebfn vi\u1ec7c \u0111\u1ed1i ph\u00f3 v\u1edbi c\u00e1c v\u1ea5n \u0111\u1ec1 ph\u00e1p l\u00fd ph\u1ee9c t\u1ea1p.<\/p>\n<p>Nh\u00e0 m\u00e1y hay b\u1ea5t k\u1ef3 doanh nghi\u1ec7p s\u1ea3n xu\u1ea5t n\u00e0o t\u1ea1i Vi\u1ec7t Nam, c\u1ea7n ph\u1ea3i ch\u00fa tr\u1ecdng \u0111\u1ebfn c\u00f4ng t\u00e1c PCCC, kh\u00f4ng ch\u1ec9 \u0111\u1ec3 \u0111\u1ea3m b\u1ea3o tu\u00e2n th\u1ee7 ph\u00e1p lu\u1eadt m\u00e0 c\u00f2n \u0111\u1ec3 b\u1ea3o v\u1ec7 m\u00f4i tr\u01b0\u1eddng l\u00e0m vi\u1ec7c v\u00e0 t\u00e0i s\u1ea3n c\u1ee7a m\u00ecnh. Vi\u1ec7c s\u1edf h\u1eefu gi\u1ea5y ph\u00e9p PCCC l\u00e0 minh ch\u1ee9ng cho s\u1ef1 tu\u00e2n th\u1ee7 v\u00e0 cam k\u1ebft \u0111\u1ed1i v\u1edbi c\u00e1c chu\u1ea9n m\u1ef1c an to\u00e0n, l\u00e0 m\u1ed9t ph\u1ea7n kh\u00f4ng th\u1ec3 thi\u1ebfu trong qu\u1ea3n l\u00fd r\u1ee7i ro c\u1ee7a doanh nghi\u1ec7p. Double L &#8211; \u0110\u1ed1i t\u00e1c \u0111\u00e1ng tin c\u1eady c\u1ee7a c\u00e1c doanh nghi\u1ec7p trong qu\u00e1 tr\u00ecnh ho\u00e0n thi\u1ec7n PCCC.<\/p>","protected":false},"excerpt":{"rendered":"<p>V\u1edbi kinh nghi\u1ec7m nhi\u1ec1u n\u0103m l\u00e0m vi\u1ec7c t\u1ea1i c\u00e1c khu c\u00f4ng nghi\u1ec7p, Double L hi\u1ec3u r\u00f5 h\u00e0nh vi v\u00e0 nhu c\u1ea7u c\u1ee7a kh\u00e1ch h\u00e0ng. Ch\u00fang t\u00f4i lu\u00f4n xem kh\u00e1ch h\u00e0ng l\u00e0 \u0111\u1ed1i t\u00e1c v\u00e0 lu\u00f4n h\u01b0\u1edbng t\u1edbi m\u1ed1i quan h\u1ec7 c\u00f9ng c\u00f3 l\u1ee3i cho Double L v\u00e0 kh\u00e1ch h\u00e0ng.<\/p>","protected":false},"author":1,"featured_media":590,"parent":0,"menu_order":0,"comment_status":"closed","ping_status":"closed","template":"templates\/service-detail.php","meta":{"footnotes":""},"acf":[],"_links":{"self":[{"href":"https:\/\/www.doublel.com.vn\/ko\/wp-json\/wp\/v2\/pages\/280"}],"collection":[{"href":"https:\/\/www.doublel.com.vn\/ko\/wp-json\/wp\/v2\/pages"}],"about":[{"href":"https:\/\/www.doublel.com.vn\/ko\/wp-json\/wp\/v2\/types\/page"}],"author":[{"embeddable":true,"href":"https:\/\/www.doublel.com.vn\/ko\/wp-json\/wp\/v2\/users\/1"}],"replies":[{"embeddable":true,"href":"https:\/\/www.doublel.com.vn\/ko\/wp-json\/wp\/v2\/comments?post=280"}],"version-history":[{"count":15,"href":"https:\/\/www.doublel.com.vn\/ko\/wp-json\/wp\/v2\/pages\/280\/revisions"}],"predecessor-version":[{"id":621,"href":"https:\/\/www.doublel.com.vn\/ko\/wp-json\/wp\/v2\/pages\/280\/revisions\/621"}],"wp:featuredmedia":[{"embeddable":true,"href":"https:\/\/www.doublel.com.vn\/ko\/wp-json\/wp\/v2\/media\/590"}],"wp:attachment":[{"href":"https:\/\/www.doublel.com.vn\/ko\/wp-json\/wp\/v2\/media?parent=280"}],"curies":[{"name":"wp","href":"https:\/\/api.w.org\/{rel}","templated":true}]}}