{"id":237,"date":"2023-12-14T06:11:42","date_gmt":"2023-12-14T06:11:42","guid":{"rendered":"https:\/\/doublel.com.vn\/?page_id=237"},"modified":"2024-01-29T11:00:48","modified_gmt":"2024-01-29T04:00:48","slug":"dich-vu-double-l","status":"publish","type":"page","link":"https:\/\/www.doublel.com.vn\/ja\/dich-vu-double-l\/","title":{"rendered":"\u30b5\u30fc\u30d3\u30b9"},"content":{"rendered":"<p>V\u1edbi nhi\u1ec1u n\u0103m kinh nghi\u1ec7m trong ng\u00e0nh, ch\u00fang t\u00f4i \u0111\u00e3 x\u00e2y d\u1ef1ng \u0111\u01b0\u1ee3c uy t\u00edn th\u00f4ng qua vi\u1ec7c cung c\u1ea5p d\u1ecbch v\u1ee5 <a href=\"https:\/\/www.doublel.com.vn\/ja\/\" target=\"_blank\" rel=\"noopener\">Double L<\/a> ch\u1ea5t l\u01b0\u1ee3ng cao v\u00e0 \u0111\u00e1ng tin c\u1eady.<\/p>\n<p>H\u00e3y li\u00ean h\u1ec7 v\u1edbi ch\u00fang t\u00f4i ngay h\u00f4m nay \u0111\u1ec3 bi\u1ebft th\u00eam chi ti\u1ebft v\u00e0 b\u1eaft \u0111\u1ea7u h\u1ee3p t\u00e1c!<\/p>","protected":false},"excerpt":{"rendered":"<p>\u696d\u754c\u3067\u306e\u9577\u5e74\u306e\u7d4c\u9a13\u306b\u3088\u308a\u3001\u5f53\u793e\u306f\u9ad8\u54c1\u8cea\u3067\u4fe1\u983c\u6027\u306e\u9ad8\u3044\u30b5\u30fc\u30d3\u30b9\u3092\u63d0\u4f9b\u3059\u308b\u3053\u3068\u3067\u8a55\u5224\u3092\u7bc9\u3044\u3066\u304d\u307e\u3057\u305f\u3002 \u8a73\u7d30\u3068\u30b3\u30e9\u30dc\u30ec\u30fc\u30b7\u30e7\u30f3\u306e\u958b\u59cb\u306b\u3064\u3044\u3066\u306f\u3001\u4eca\u3059\u3050\u304a\u554f\u3044\u5408\u308f\u305b\u304f\u3060\u3055\u3044\u3002<\/p>","protected":false},"author":1,"featured_media":648,"parent":0,"menu_order":0,"comment_status":"closed","ping_status":"closed","template":"templates\/services.php","meta":{"footnotes":""},"acf":[],"_links":{"self":[{"href":"https:\/\/www.doublel.com.vn\/ja\/wp-json\/wp\/v2\/pages\/237"}],"collection":[{"href":"https:\/\/www.doublel.com.vn\/ja\/wp-json\/wp\/v2\/pages"}],"about":[{"href":"https:\/\/www.doublel.com.vn\/ja\/wp-json\/wp\/v2\/types\/page"}],"author":[{"embeddable":true,"href":"https:\/\/www.doublel.com.vn\/ja\/wp-json\/wp\/v2\/users\/1"}],"replies":[{"embeddable":true,"href":"https:\/\/www.doublel.com.vn\/ja\/wp-json\/wp\/v2\/comments?post=237"}],"version-history":[{"count":16,"href":"https:\/\/www.doublel.com.vn\/ja\/wp-json\/wp\/v2\/pages\/237\/revisions"}],"predecessor-version":[{"id":661,"href":"https:\/\/www.doublel.com.vn\/ja\/wp-json\/wp\/v2\/pages\/237\/revisions\/661"}],"wp:featuredmedia":[{"embeddable":true,"href":"https:\/\/www.doublel.com.vn\/ja\/wp-json\/wp\/v2\/media\/648"}],"wp:attachment":[{"href":"https:\/\/www.doublel.com.vn\/ja\/wp-json\/wp\/v2\/media?parent=237"}],"curies":[{"name":"wp","href":"https:\/\/api.w.org\/{rel}","templated":true}]}}