{"id":237,"date":"2023-12-14T06:11:42","date_gmt":"2023-12-14T06:11:42","guid":{"rendered":"https:\/\/doublel.com.vn\/?page_id=237"},"modified":"2024-01-29T11:00:48","modified_gmt":"2024-01-29T04:00:48","slug":"dich-vu-double-l","status":"publish","type":"page","link":"https:\/\/www.doublel.com.vn\/en\/dich-vu-double-l\/","title":{"rendered":"Services"},"content":{"rendered":"<p>V\u1edbi nhi\u1ec1u n\u0103m kinh nghi\u1ec7m trong ng\u00e0nh, ch\u00fang t\u00f4i \u0111\u00e3 x\u00e2y d\u1ef1ng \u0111\u01b0\u1ee3c uy t\u00edn th\u00f4ng qua vi\u1ec7c cung c\u1ea5p d\u1ecbch v\u1ee5 <a href=\"https:\/\/www.doublel.com.vn\/en\/\" target=\"_blank\" rel=\"noopener\">Double L<\/a> ch\u1ea5t l\u01b0\u1ee3ng cao v\u00e0 \u0111\u00e1ng tin c\u1eady.<\/p>\n<p>H\u00e3y li\u00ean h\u1ec7 v\u1edbi ch\u00fang t\u00f4i ngay h\u00f4m nay \u0111\u1ec3 bi\u1ebft th\u00eam chi ti\u1ebft v\u00e0 b\u1eaft \u0111\u1ea7u h\u1ee3p t\u00e1c!<\/p>","protected":false},"excerpt":{"rendered":"<p>With many years of experience in the industry, we have built a reputation through providing high-quality and reliable services. Please contact us today for more details and to begin our collaboration!<\/p>","protected":false},"author":1,"featured_media":648,"parent":0,"menu_order":0,"comment_status":"closed","ping_status":"closed","template":"templates\/services.php","meta":{"footnotes":""},"acf":[],"_links":{"self":[{"href":"https:\/\/www.doublel.com.vn\/en\/wp-json\/wp\/v2\/pages\/237"}],"collection":[{"href":"https:\/\/www.doublel.com.vn\/en\/wp-json\/wp\/v2\/pages"}],"about":[{"href":"https:\/\/www.doublel.com.vn\/en\/wp-json\/wp\/v2\/types\/page"}],"author":[{"embeddable":true,"href":"https:\/\/www.doublel.com.vn\/en\/wp-json\/wp\/v2\/users\/1"}],"replies":[{"embeddable":true,"href":"https:\/\/www.doublel.com.vn\/en\/wp-json\/wp\/v2\/comments?post=237"}],"version-history":[{"count":16,"href":"https:\/\/www.doublel.com.vn\/en\/wp-json\/wp\/v2\/pages\/237\/revisions"}],"predecessor-version":[{"id":661,"href":"https:\/\/www.doublel.com.vn\/en\/wp-json\/wp\/v2\/pages\/237\/revisions\/661"}],"wp:featuredmedia":[{"embeddable":true,"href":"https:\/\/www.doublel.com.vn\/en\/wp-json\/wp\/v2\/media\/648"}],"wp:attachment":[{"href":"https:\/\/www.doublel.com.vn\/en\/wp-json\/wp\/v2\/media?parent=237"}],"curies":[{"name":"wp","href":"https:\/\/api.w.org\/{rel}","templated":true}]}}